{"id":265,"date":"2022-11-18T07:35:09","date_gmt":"2022-11-18T07:35:09","guid":{"rendered":"https:\/\/transmetal.org\/?page_id=265"},"modified":"2024-05-31T14:23:16","modified_gmt":"2024-05-31T10:23:16","slug":"nos-produits","status":"publish","type":"page","link":"https:\/\/transmetal.org\/fr\/nos-produits\/","title":{"rendered":"Nos produits"},"content":{"rendered":"\t\t<div data-elementor-type=\"wp-page\" data-elementor-id=\"265\" class=\"elementor elementor-265\" data-elementor-post-type=\"page\">\n\t\t\t\t\t\t<section data-particle_enable=\"false\" data-particle-mobile-disabled=\"false\" data-dce-background-color=\"#000000B3\" data-dce-background-overlay-color=\"#000000\" data-dce-background-image-url=\"https:\/\/transmetal.org\/wp-content\/uploads\/2023\/02\/tuyaux.jpg\" class=\"elementor-section elementor-top-section elementor-element elementor-element-ae72fa5 elementor-section-height-min-height elementor-section-boxed elementor-section-height-default elementor-section-items-middle elb-rveal-el-no\" data-id=\"ae72fa5\" data-element_type=\"section\" data-e-type=\"section\" data-settings=\"{&quot;background_background&quot;:&quot;classic&quot;,&quot;jet_parallax_layout_list&quot;:[],&quot;elb_elmrveal_enabled&quot;:&quot;no&quot;}\">\n\t\t\t\t\t\t\t<div class=\"elementor-background-overlay\"><\/div>\n\t\t\t\t\t\t\t<div class=\"elementor-container elementor-column-gap-default\">\n\t\t\t\t\t<div class=\"elementor-column elementor-col-100 elementor-top-column elementor-element elementor-element-16af7b0 elb-rveal-el-no\" data-id=\"16af7b0\" data-element_type=\"column\" data-e-type=\"column\" data-settings=\"{&quot;elb_elmrveal_enabled&quot;:&quot;no&quot;}\">\n\t\t\t<div class=\"elementor-widget-wrap elementor-element-populated\">\n\t\t\t\t\t\t<div class=\"elementor-element elementor-element-8bc84e6 elb-rveal-el-no elementor-widget elementor-widget-heading\" data-id=\"8bc84e6\" data-element_type=\"widget\" data-e-type=\"widget\" data-settings=\"{&quot;elb_elmrveal_enabled&quot;:&quot;no&quot;}\" data-widget_type=\"heading.default\">\n\t\t\t\t<div class=\"elementor-widget-container\">\n\t\t\t\t\t<h1 class=\"elementor-heading-title elementor-size-default\">Nos Produits<\/h1>\t\t\t\t<\/div>\n\t\t\t\t<\/div>\n\t\t\t\t<div class=\"elementor-element elementor-element-48a1d1a elementor-absolute elb-rveal-el-no elementor-widget elementor-widget-image\" data-id=\"48a1d1a\" data-element_type=\"widget\" data-e-type=\"widget\" data-settings=\"{&quot;_position&quot;:&quot;absolute&quot;,&quot;elb_elmrveal_enabled&quot;:&quot;no&quot;}\" data-widget_type=\"image.default\">\n\t\t\t\t<div class=\"elementor-widget-container\">\n\t\t\t\t\t\t\t\t\t\t\t\t\t\t\t\t<a href=\"#first-page\">\n\t\t\t\t\t\t\t<img fetchpriority=\"high\" decoding=\"async\" width=\"480\" height=\"355\" src=\"https:\/\/transmetal.org\/wp-content\/uploads\/2022\/11\/giphy.gif\" class=\"attachment-full size-full wp-image-429\" alt=\"\" \/>\t\t\t\t\t\t\t\t<\/a>\n\t\t\t\t\t\t\t\t\t\t\t\t\t\t\t<\/div>\n\t\t\t\t<\/div>\n\t\t\t\t\t<\/div>\n\t\t<\/div>\n\t\t\t\t\t<\/div>\n\t\t<\/section>\n\t\t\t\t<section data-particle_enable=\"false\" data-particle-mobile-disabled=\"false\" class=\"elementor-section elementor-top-section elementor-element elementor-element-c062eee elementor-section-boxed elementor-section-height-default elementor-section-height-default elb-rveal-el-no\" data-id=\"c062eee\" data-element_type=\"section\" data-e-type=\"section\" id=\"first-page\" data-settings=\"{&quot;jet_parallax_layout_list&quot;:[],&quot;elb_elmrveal_enabled&quot;:&quot;no&quot;}\">\n\t\t\t\t\t\t<div class=\"elementor-container elementor-column-gap-default\">\n\t\t\t\t\t<div class=\"elementor-column elementor-col-100 elementor-top-column elementor-element elementor-element-77d59a0 elb-rveal-el-no\" data-id=\"77d59a0\" data-element_type=\"column\" data-e-type=\"column\" data-settings=\"{&quot;elb_elmrveal_enabled&quot;:&quot;no&quot;}\">\n\t\t\t<div class=\"elementor-widget-wrap elementor-element-populated\">\n\t\t\t\t\t\t<div class=\"elementor-element elementor-element-6a5a8bb elb-rveal-el-no elementor-widget elementor-widget-text-editor\" data-id=\"6a5a8bb\" data-element_type=\"widget\" data-e-type=\"widget\" data-settings=\"{&quot;elb_elmrveal_enabled&quot;:&quot;no&quot;}\" data-widget_type=\"text-editor.default\">\n\t\t\t\t<div class=\"elementor-widget-container\">\n\t\t\t\t\t\t\t\t\t<p>Liste en rien exhaustive, mais vise \u00e0 pr\u00e9senter une vue d\u2019ensemble des produits les plus demand\u00e9s\u00a0<\/p>\t\t\t\t\t\t\t\t<\/div>\n\t\t\t\t<\/div>\n\t\t\t\t\t<\/div>\n\t\t<\/div>\n\t\t\t\t\t<\/div>\n\t\t<\/section>\n\t\t\t\t<section data-particle_enable=\"false\" data-particle-mobile-disabled=\"false\" class=\"elementor-section elementor-top-section elementor-element elementor-element-3e61796 elementor-section-boxed elementor-section-height-default elementor-section-height-default elb-rveal-el-no\" data-id=\"3e61796\" data-element_type=\"section\" data-e-type=\"section\" data-settings=\"{&quot;jet_parallax_layout_list&quot;:[],&quot;elb_elmrveal_enabled&quot;:&quot;no&quot;}\">\n\t\t\t\t\t\t<div class=\"elementor-container elementor-column-gap-default\">\n\t\t\t\t\t<div class=\"elementor-column elementor-col-50 elementor-top-column elementor-element elementor-element-acea87d elb-rveal-el-no\" data-id=\"acea87d\" data-element_type=\"column\" data-e-type=\"column\" data-settings=\"{&quot;elb_elmrveal_enabled&quot;:&quot;no&quot;}\">\n\t\t\t<div class=\"elementor-widget-wrap elementor-element-populated\">\n\t\t\t\t\t\t<div class=\"elementor-element elementor-element-d276291 elb-rveal-el-no elementor-widget elementor-widget-image\" data-id=\"d276291\" data-element_type=\"widget\" data-e-type=\"widget\" data-settings=\"{&quot;elb_elmrveal_enabled&quot;:&quot;no&quot;}\" data-widget_type=\"image.default\">\n\t\t\t\t<div class=\"elementor-widget-container\">\n\t\t\t\t\t\t\t\t\t\t\t\t\t\t\t<img decoding=\"async\" width=\"1500\" height=\"997\" src=\"https:\/\/transmetal.org\/wp-content\/uploads\/2023\/02\/shutterstock_105111686-1.jpg\" class=\"attachment-full size-full wp-image-3742\" alt=\"\" srcset=\"https:\/\/transmetal.org\/wp-content\/uploads\/2023\/02\/shutterstock_105111686-1.jpg 1500w, https:\/\/transmetal.org\/wp-content\/uploads\/2023\/02\/shutterstock_105111686-1-300x199.jpg 300w, https:\/\/transmetal.org\/wp-content\/uploads\/2023\/02\/shutterstock_105111686-1-1024x681.jpg 1024w, https:\/\/transmetal.org\/wp-content\/uploads\/2023\/02\/shutterstock_105111686-1-768x510.jpg 768w, https:\/\/transmetal.org\/wp-content\/uploads\/2023\/02\/shutterstock_105111686-1-600x399.jpg 600w\" sizes=\"(max-width: 1500px) 100vw, 1500px\" \/>\t\t\t\t\t\t\t\t\t\t\t\t\t\t\t<\/div>\n\t\t\t\t<\/div>\n\t\t\t\t\t<\/div>\n\t\t<\/div>\n\t\t\t\t<div class=\"elementor-column elementor-col-50 elementor-top-column elementor-element elementor-element-d9bec34 elb-rveal-el-no\" data-id=\"d9bec34\" data-element_type=\"column\" data-e-type=\"column\" data-settings=\"{&quot;elb_elmrveal_enabled&quot;:&quot;no&quot;}\">\n\t\t\t<div class=\"elementor-widget-wrap elementor-element-populated\">\n\t\t\t\t\t\t<div class=\"elementor-element elementor-element-98cfa32 elb-rveal-el-no elementor-widget elementor-widget-text-editor\" data-id=\"98cfa32\" data-element_type=\"widget\" data-e-type=\"widget\" data-settings=\"{&quot;elb_elmrveal_enabled&quot;:&quot;no&quot;}\" data-widget_type=\"text-editor.default\">\n\t\t\t\t<div class=\"elementor-widget-container\">\n\t\t\t\t\t\t\t\t\t<p><strong>Produits Longs<\/strong>, <strong>toutes nuances <\/strong><\/p><ul><li>Fil Machine en couronne\u00a0<\/li><li>Rond \u00e0 B\u00e9ton Haute Adh\u00e9rence en couronne\u00a0<\/li><li>Rond \u00e0 B\u00e9ton Haute Adh\u00e9rence en barre droite ou pli\u00e9e\u00a0<\/li><li>Treillis Soud\u00e9s Anti-fissuration et de Structure\u00a0<\/li><li>Profil\u00e9s structurels\u00a0<\/li><li>Aciers Marchands<\/li><\/ul>\t\t\t\t\t\t\t\t<\/div>\n\t\t\t\t<\/div>\n\t\t\t\t\t<\/div>\n\t\t<\/div>\n\t\t\t\t\t<\/div>\n\t\t<\/section>\n\t\t\t\t<section data-particle_enable=\"false\" data-particle-mobile-disabled=\"false\" class=\"elementor-section elementor-top-section elementor-element elementor-element-54767af elementor-section-content-middle elementor-reverse-mobile elementor-section-boxed elementor-section-height-default elementor-section-height-default elb-rveal-el-no\" data-id=\"54767af\" data-element_type=\"section\" data-e-type=\"section\" data-settings=\"{&quot;jet_parallax_layout_list&quot;:[],&quot;elb_elmrveal_enabled&quot;:&quot;no&quot;}\">\n\t\t\t\t\t\t<div class=\"elementor-container elementor-column-gap-default\">\n\t\t\t\t\t<div class=\"elementor-column elementor-col-50 elementor-top-column elementor-element elementor-element-db5a0ec elb-rveal-el-no\" data-id=\"db5a0ec\" data-element_type=\"column\" data-e-type=\"column\" data-settings=\"{&quot;elb_elmrveal_enabled&quot;:&quot;no&quot;}\">\n\t\t\t<div class=\"elementor-widget-wrap elementor-element-populated\">\n\t\t\t\t\t\t<div class=\"elementor-element elementor-element-1c28c09 elb-rveal-el-no elementor-widget elementor-widget-text-editor\" data-id=\"1c28c09\" data-element_type=\"widget\" data-e-type=\"widget\" data-settings=\"{&quot;elb_elmrveal_enabled&quot;:&quot;no&quot;}\" data-widget_type=\"text-editor.default\">\n\t\t\t\t<div class=\"elementor-widget-container\">\n\t\t\t\t\t\t\t\t\t<p><strong>Produits Plats, toutes nuances<\/strong><\/p><ul><li>Bobines Galvanis\u00e9es Pr\u00e9laqu\u00e9es<\/li><li>Bobines Aluzinc Pr\u00e9laqu\u00e9es<\/li><li>Bobines Zn-Al-Mg Pr\u00e9laqu\u00e9es<\/li><li>Bobines et Bobinots Galvanis\u00e9s<\/li><li>Bobines et Bobinots en Rev\u00eatement Aluzinc<\/li><li>Plaques et T\u00f4les Lamin\u00e9es \u00e0 Chaud<\/li><li>T\u00f4les Lamin\u00e9es \u00e0 Froid<\/li><li>T\u00f4les CRCA<\/li><li>T\u00f4les Perfor\u00e9es<\/li><li>T\u00f4les Larm\u00e9es<\/li><li>T\u00f4les Gaufr\u00e9es-Stri\u00e9es<\/li><li>M\u00e9tal D\u00e9ploy\u00e9<\/li><li>Caillebotis M\u00e9tallique et Accessoires<\/li><\/ul>\t\t\t\t\t\t\t\t<\/div>\n\t\t\t\t<\/div>\n\t\t\t\t\t<\/div>\n\t\t<\/div>\n\t\t\t\t<div class=\"elementor-column elementor-col-50 elementor-top-column elementor-element elementor-element-361bc66 elb-rveal-el-no\" data-id=\"361bc66\" data-element_type=\"column\" data-e-type=\"column\" data-settings=\"{&quot;elb_elmrveal_enabled&quot;:&quot;no&quot;}\">\n\t\t\t<div class=\"elementor-widget-wrap elementor-element-populated\">\n\t\t\t\t\t\t<div class=\"elementor-element elementor-element-8fd427d elb-rveal-el-no elementor-widget elementor-widget-image\" data-id=\"8fd427d\" data-element_type=\"widget\" data-e-type=\"widget\" data-settings=\"{&quot;elb_elmrveal_enabled&quot;:&quot;no&quot;}\" data-widget_type=\"image.default\">\n\t\t\t\t<div class=\"elementor-widget-container\">\n\t\t\t\t\t\t\t\t\t\t\t\t\t\t\t<img decoding=\"async\" width=\"2000\" height=\"1000\" src=\"https:\/\/transmetal.org\/wp-content\/uploads\/2023\/02\/shutterstock_1622257273.jpg\" class=\"attachment-full size-full wp-image-3735\" alt=\"\" srcset=\"https:\/\/transmetal.org\/wp-content\/uploads\/2023\/02\/shutterstock_1622257273.jpg 2000w, https:\/\/transmetal.org\/wp-content\/uploads\/2023\/02\/shutterstock_1622257273-300x150.jpg 300w, https:\/\/transmetal.org\/wp-content\/uploads\/2023\/02\/shutterstock_1622257273-1024x512.jpg 1024w, https:\/\/transmetal.org\/wp-content\/uploads\/2023\/02\/shutterstock_1622257273-768x384.jpg 768w, https:\/\/transmetal.org\/wp-content\/uploads\/2023\/02\/shutterstock_1622257273-1536x768.jpg 1536w, https:\/\/transmetal.org\/wp-content\/uploads\/2023\/02\/shutterstock_1622257273-600x300.jpg 600w\" sizes=\"(max-width: 2000px) 100vw, 2000px\" \/>\t\t\t\t\t\t\t\t\t\t\t\t\t\t\t<\/div>\n\t\t\t\t<\/div>\n\t\t\t\t\t<\/div>\n\t\t<\/div>\n\t\t\t\t\t<\/div>\n\t\t<\/section>\n\t\t\t\t<section data-particle_enable=\"false\" data-particle-mobile-disabled=\"false\" class=\"elementor-section elementor-top-section elementor-element elementor-element-cb3924c elementor-section-boxed elementor-section-height-default elementor-section-height-default elb-rveal-el-no\" data-id=\"cb3924c\" data-element_type=\"section\" data-e-type=\"section\" data-settings=\"{&quot;jet_parallax_layout_list&quot;:[],&quot;elb_elmrveal_enabled&quot;:&quot;no&quot;}\">\n\t\t\t\t\t\t<div class=\"elementor-container elementor-column-gap-default\">\n\t\t\t\t\t<div class=\"elementor-column elementor-col-50 elementor-top-column elementor-element elementor-element-41cf91e elb-rveal-el-no\" data-id=\"41cf91e\" data-element_type=\"column\" data-e-type=\"column\" data-settings=\"{&quot;elb_elmrveal_enabled&quot;:&quot;no&quot;}\">\n\t\t\t<div class=\"elementor-widget-wrap elementor-element-populated\">\n\t\t\t\t\t\t<div class=\"elementor-element elementor-element-7fdb23e elb-rveal-el-no elementor-widget elementor-widget-image\" data-id=\"7fdb23e\" data-element_type=\"widget\" data-e-type=\"widget\" data-settings=\"{&quot;elb_elmrveal_enabled&quot;:&quot;no&quot;}\" data-widget_type=\"image.default\">\n\t\t\t\t<div class=\"elementor-widget-container\">\n\t\t\t\t\t\t\t\t\t\t\t\t\t\t\t<img loading=\"lazy\" decoding=\"async\" width=\"1800\" height=\"1350\" src=\"https:\/\/transmetal.org\/wp-content\/uploads\/2023\/02\/sheet-piles-sheet-piles.jpg\" class=\"attachment-full size-full wp-image-3836\" alt=\"\" srcset=\"https:\/\/transmetal.org\/wp-content\/uploads\/2023\/02\/sheet-piles-sheet-piles.jpg 1800w, https:\/\/transmetal.org\/wp-content\/uploads\/2023\/02\/sheet-piles-sheet-piles-300x225.jpg 300w, https:\/\/transmetal.org\/wp-content\/uploads\/2023\/02\/sheet-piles-sheet-piles-1024x768.jpg 1024w, https:\/\/transmetal.org\/wp-content\/uploads\/2023\/02\/sheet-piles-sheet-piles-768x576.jpg 768w, https:\/\/transmetal.org\/wp-content\/uploads\/2023\/02\/sheet-piles-sheet-piles-1536x1152.jpg 1536w, https:\/\/transmetal.org\/wp-content\/uploads\/2023\/02\/sheet-piles-sheet-piles-600x450.jpg 600w\" sizes=\"(max-width: 1800px) 100vw, 1800px\" \/>\t\t\t\t\t\t\t\t\t\t\t\t\t\t\t<\/div>\n\t\t\t\t<\/div>\n\t\t\t\t\t<\/div>\n\t\t<\/div>\n\t\t\t\t<div class=\"elementor-column elementor-col-50 elementor-top-column elementor-element elementor-element-9e08fd4 elb-rveal-el-no\" data-id=\"9e08fd4\" data-element_type=\"column\" data-e-type=\"column\" data-settings=\"{&quot;elb_elmrveal_enabled&quot;:&quot;no&quot;}\">\n\t\t\t<div class=\"elementor-widget-wrap elementor-element-populated\">\n\t\t\t\t\t\t<div class=\"elementor-element elementor-element-7b912b3 elb-rveal-el-no elementor-widget elementor-widget-text-editor\" data-id=\"7b912b3\" data-element_type=\"widget\" data-e-type=\"widget\" data-settings=\"{&quot;elb_elmrveal_enabled&quot;:&quot;no&quot;}\" data-widget_type=\"text-editor.default\">\n\t\t\t\t<div class=\"elementor-widget-container\">\n\t\t\t\t\t\t\t\t\t<p><strong>Mur de Quai et Solutions pour Fondations\u00a0<\/strong><\/p><ul><li>Palplanches Lamin\u00e9es \u00e0 chaud ou profil\u00e9es \u00e0 froid et accessoires\u00a0<\/li><li>Pieux de Fondation \u00e0 battre, de Type H ou Tubulaire<\/li><li>Rideau Mixte Palplanches &#8211; Pieux Tubulaires\u00a0<\/li><li>Rideau Mixte Palplanches &#8211; Pieux Type H\u00a0<\/li><li>Syst\u00e8mes d\u2019Ancrage et Accessoires\u00a0<\/li><\/ul>\t\t\t\t\t\t\t\t<\/div>\n\t\t\t\t<\/div>\n\t\t\t\t\t<\/div>\n\t\t<\/div>\n\t\t\t\t\t<\/div>\n\t\t<\/section>\n\t\t\t\t<section data-particle_enable=\"false\" data-particle-mobile-disabled=\"false\" class=\"elementor-section elementor-top-section elementor-element elementor-element-103008e elementor-section-boxed elementor-section-height-default elementor-section-height-default elb-rveal-el-no\" data-id=\"103008e\" data-element_type=\"section\" data-e-type=\"section\" data-settings=\"{&quot;jet_parallax_layout_list&quot;:[],&quot;elb_elmrveal_enabled&quot;:&quot;no&quot;}\">\n\t\t\t\t\t\t<div class=\"elementor-container elementor-column-gap-default\">\n\t\t\t\t\t<div class=\"elementor-column elementor-col-100 elementor-top-column elementor-element elementor-element-36f513d elb-rveal-el-no\" data-id=\"36f513d\" data-element_type=\"column\" data-e-type=\"column\" data-settings=\"{&quot;elb_elmrveal_enabled&quot;:&quot;no&quot;}\">\n\t\t\t<div class=\"elementor-widget-wrap elementor-element-populated\">\n\t\t\t\t\t\t<div class=\"elementor-element elementor-element-9da82dc pa-carousel-template pa-carousel-horizontal elb-rveal-el-no elementor-widget elementor-widget-premium-carousel-widget\" data-id=\"9da82dc\" data-element_type=\"widget\" data-e-type=\"widget\" data-settings=\"{&quot;elb_elmrveal_enabled&quot;:&quot;no&quot;}\" data-widget_type=\"premium-carousel-widget.default\">\n\t\t\t\t<div class=\"elementor-widget-container\">\n\t\t\t\t\t\t\t<div id=\"premium-carousel-wrapper-9da82dc\" class=\"premium-carousel-wrapper premium-carousel-hidden carousel-wrapper-9da82dc  premium-carousel-dots-below\" data-settings=\"{&quot;vertical&quot;:false,&quot;appearance&quot;:&quot;all&quot;,&quot;slidesToShow&quot;:3,&quot;infinite&quot;:true,&quot;speed&quot;:300,&quot;fade&quot;:false,&quot;autoplay&quot;:true,&quot;autoplaySpeed&quot;:9000,&quot;draggable&quot;:true,&quot;touchMove&quot;:true,&quot;adaptiveHeight&quot;:false,&quot;variableWidth&quot;:false,&quot;cssEase&quot;:&quot;ease&quot;,&quot;pauseOnHover&quot;:false,&quot;centerMode&quot;:false,&quot;arrows&quot;:false,&quot;dots&quot;:true,&quot;slidesDesk&quot;:3,&quot;slidesTab&quot;:3,&quot;slidesMob&quot;:1,&quot;animation&quot;:&quot;null&quot;,&quot;tabletBreak&quot;:1025,&quot;mobileBreak&quot;:768,&quot;navigation&quot;:[&quot;&quot;],&quot;carouselNavigation&quot;:true,&quot;templatesNumber&quot;:1,&quot;hasNavSlider&quot;:false,&quot;mouseTilt&quot;:false,&quot;mouseTiltRev&quot;:false}\">\n\t\t\t<!-- Dots -->\n\t\t\t\t\t\t\t<div class=\"premium-carousel-nav-dot\">\n\t\t\t\t\t\t\t\t\t\t\t\t<i class=\"fas fa-circle\" aria-hidden=\"true\"><\/i>\n\t\t\t\t\t\t\t\t\t\t<\/div>\n\t\t\t\n\t\t\t\n\t\t\t<!-- Main Slides -->\n\t\t\t<div id=\"premium-carousel-9da82dc\" class=\"premium-carousel-inner\">\n\t\t\t\t\t\t\t<\/div>\n\n\t\t\t\n\t\t\t\n\t\t\t\t\t<\/div>\n\t\t\t\t\t\t<\/div>\n\t\t\t\t<\/div>\n\t\t\t\t\t<\/div>\n\t\t<\/div>\n\t\t\t\t\t<\/div>\n\t\t<\/section>\n\t\t<!-- dce invisible element 7ba2e9d -->\t\t<section data-particle_enable=\"false\" data-particle-mobile-disabled=\"false\" data-dce-background-image-url=\"https:\/\/transmetal.org\/wp-content\/uploads\/2023\/02\/20200702_112319-20200702_112319-1.jpg\" class=\"elementor-section elementor-top-section elementor-element elementor-element-91354ba elementor-section-boxed elementor-section-height-default elementor-section-height-default elb-rveal-el-no\" data-id=\"91354ba\" data-element_type=\"section\" data-e-type=\"section\" data-settings=\"{&quot;background_background&quot;:&quot;classic&quot;,&quot;jet_parallax_layout_list&quot;:[],&quot;elb_elmrveal_enabled&quot;:&quot;no&quot;}\">\n\t\t\t\t\t\t\t<div class=\"elementor-background-overlay\"><\/div>\n\t\t\t\t\t\t\t<div class=\"elementor-container elementor-column-gap-default\">\n\t\t\t\t\t<div class=\"elementor-column elementor-col-50 elementor-top-column elementor-element elementor-element-6438b2e elb-rveal-el-no\" data-id=\"6438b2e\" data-element_type=\"column\" data-e-type=\"column\" data-settings=\"{&quot;elb_elmrveal_enabled&quot;:&quot;no&quot;}\">\n\t\t\t<div class=\"elementor-widget-wrap elementor-element-populated\">\n\t\t\t\t\t\t<div class=\"elementor-element elementor-element-983f86d elb-rveal-el-no elementor-invisible elementor-widget elementor-widget-heading\" data-id=\"983f86d\" data-element_type=\"widget\" data-e-type=\"widget\" data-settings=\"{&quot;_animation&quot;:&quot;fadeInRight&quot;,&quot;elb_elmrveal_enabled&quot;:&quot;no&quot;}\" data-widget_type=\"heading.default\">\n\t\t\t\t<div class=\"elementor-widget-container\">\n\t\t\t\t\t<h2 class=\"elementor-heading-title elementor-size-default\">Demandez conseil<\/h2>\t\t\t\t<\/div>\n\t\t\t\t<\/div>\n\t\t\t\t<div class=\"elementor-element elementor-element-c00c567 elb-rveal-el-no elementor-invisible elementor-widget elementor-widget-text-editor\" data-id=\"c00c567\" data-element_type=\"widget\" data-e-type=\"widget\" data-settings=\"{&quot;_animation&quot;:&quot;fadeInUp&quot;,&quot;elb_elmrveal_enabled&quot;:&quot;no&quot;}\" data-widget_type=\"text-editor.default\">\n\t\t\t\t<div class=\"elementor-widget-container\">\n\t\t\t\t\t\t\t\t\t<p><span style=\"font-weight: 400;\">Conseils, disponibilit\u00e9 et r\u00e9activit\u00e9 sont les composantes de notre ADN. Dans sa recherche d\u2019am\u00e9lioration constante, l\u2019\u00e9quipe de Transmetal traite vos requ\u00eates avec une attention personnalis\u00e9e et fait son maximum pour y r\u00e9pondre sous 24 heures ouvr\u00e9es.<\/span><\/p>\t\t\t\t\t\t\t\t<\/div>\n\t\t\t\t<\/div>\n\t\t\t\t\t<\/div>\n\t\t<\/div>\n\t\t\t\t<div class=\"elementor-column elementor-col-50 elementor-top-column elementor-element elementor-element-ba4f4dc elb-rveal-el-no\" data-id=\"ba4f4dc\" data-element_type=\"column\" data-e-type=\"column\" data-settings=\"{&quot;elb_elmrveal_enabled&quot;:&quot;no&quot;}\">\n\t\t\t<div class=\"elementor-widget-wrap elementor-element-populated\">\n\t\t\t\t\t\t<div class=\"elementor-element elementor-element-f00f370 elb-rveal-el-no elementor-widget elementor-widget-global elementor-global-2420 elementor-widget-html\" data-id=\"f00f370\" data-element_type=\"widget\" data-e-type=\"widget\" data-settings=\"{&quot;elb_elmrveal_enabled&quot;:&quot;no&quot;}\" data-widget_type=\"html.default\">\n\t\t\t\t<div class=\"elementor-widget-container\">\n\t\t\t\t\t<script>\ndocument.addEventListener(\"DOMContentLoaded\", function() {\n    var elements = document.getElementsByTagName(\"INPUT\");\n    for (var i = 0; i < elements.length; i++) {\n        elements[i].oninvalid = function(e) {\n            e.target.setCustomValidity(\"\");\n            if (!e.target.validity.valid) {\n                e.target.setCustomValidity(\"Merci de remplir ce champ\");\n            }\n        };\n        elements[i].oninput = function(e) {\n            e.target.setCustomValidity(\"\");\n        };\n    }\n})\n<\/script>\t\t\t\t<\/div>\n\t\t\t\t<\/div>\n\t\t\t\t<div class=\"elementor-element elementor-element-d757f6f elementor-button-align-start elb-rveal-el-no elementor-invisible elementor-widget elementor-widget-global elementor-global-2372 elementor-widget-form\" data-id=\"d757f6f\" data-element_type=\"widget\" data-e-type=\"widget\" data-settings=\"{&quot;step_next_label&quot;:&quot;Next&quot;,&quot;step_previous_label&quot;:&quot;Previous&quot;,&quot;_animation&quot;:&quot;fadeInUp&quot;,&quot;button_width&quot;:&quot;100&quot;,&quot;step_type&quot;:&quot;number_text&quot;,&quot;step_icon_shape&quot;:&quot;circle&quot;,&quot;elb_elmrveal_enabled&quot;:&quot;no&quot;}\" data-widget_type=\"form.default\">\n\t\t\t\t<div class=\"elementor-widget-container\">\n\t\t\t\t\t\t\t<form class=\"elementor-form\" method=\"post\" name=\"New Form\" aria-label=\"New Form\">\n\t\t\t<input type=\"hidden\" name=\"post_id\" value=\"265\"\/>\n\t\t\t<input type=\"hidden\" name=\"form_id\" value=\"d757f6f\"\/>\n\t\t\t<input type=\"hidden\" name=\"referer_title\" value=\"\" \/>\n\n\t\t\t\n\t\t\t<div class=\"elementor-form-fields-wrapper elementor-labels-\">\n\t\t\t\t\t\t\t\t<div class=\"elementor-field-type-text elementor-field-group elementor-column elementor-field-group-nom elementor-col-100 elementor-field-required\">\n\t\t\t\t\t\t\t\t\t\t\t\t<label for=\"form-field-nom\" class=\"elementor-field-label elementor-screen-only\">\n\t\t\t\t\t\t\t\tNom\t\t\t\t\t\t\t<\/label>\n\t\t\t\t\t\t\t\t\t\t\t\t\t\t<input size=\"1\" type=\"text\" name=\"form_fields[nom]\" id=\"form-field-nom\" class=\"elementor-field elementor-size-sm  elementor-field-textual\" placeholder=\"Nom*\" required=\"required\">\n\t\t\t\t\t\t\t\t\t\t\t<\/div>\n\t\t\t\t\t\t\t\t<div class=\"elementor-field-type-text elementor-field-group elementor-column elementor-field-group-email elementor-col-100 elementor-field-required\">\n\t\t\t\t\t\t\t\t\t\t\t\t<label for=\"form-field-email\" class=\"elementor-field-label elementor-screen-only\">\n\t\t\t\t\t\t\t\tEmail\t\t\t\t\t\t\t<\/label>\n\t\t\t\t\t\t\t\t\t\t\t\t\t\t<input size=\"1\" type=\"text\" name=\"form_fields[email]\" id=\"form-field-email\" class=\"elementor-field elementor-size-sm  elementor-field-textual\" placeholder=\"Email*\" required=\"required\">\n\t\t\t\t\t\t\t\t\t\t\t<\/div>\n\t\t\t\t\t\t\t\t<div class=\"elementor-field-type-text elementor-field-group elementor-column elementor-field-group-telephone elementor-col-100\">\n\t\t\t\t\t\t\t\t\t\t\t\t<label for=\"form-field-telephone\" class=\"elementor-field-label elementor-screen-only\">\n\t\t\t\t\t\t\t\tNum\u00e9ro de t\u00e9l\u00e9phone\t\t\t\t\t\t\t<\/label>\n\t\t\t\t\t\t\t\t\t\t\t\t\t\t<input size=\"1\" type=\"text\" name=\"form_fields[telephone]\" id=\"form-field-telephone\" class=\"elementor-field elementor-size-sm  elementor-field-textual\" placeholder=\"Num\u00e9ro de t\u00e9l\u00e9phone\">\n\t\t\t\t\t\t\t\t\t\t\t<\/div>\n\t\t\t\t\t\t\t\t<div class=\"elementor-field-type-textarea elementor-field-group elementor-column elementor-field-group-message elementor-col-100\">\n\t\t\t\t\t\t\t\t\t\t\t\t<label for=\"form-field-message\" class=\"elementor-field-label elementor-screen-only\">\n\t\t\t\t\t\t\t\tMessage\t\t\t\t\t\t\t<\/label>\n\t\t\t\t\t\t<textarea class=\"elementor-field-textual elementor-field  elementor-size-sm\" name=\"form_fields[message]\" id=\"form-field-message\" rows=\"4\" placeholder=\"Message\"><\/textarea>\t\t\t\t<\/div>\n\t\t\t\t\t\t\t\t<div class=\"elementor-field-group elementor-column elementor-field-type-submit elementor-col-100 e-form__buttons\">\n\t\t\t\t\t<button class=\"elementor-button elementor-size-sm\" type=\"submit\">\n\t\t\t\t\t\t<span class=\"elementor-button-content-wrapper\">\n\t\t\t\t\t\t\t\t\t\t\t\t\t\t\t<span class=\"elementor-button-icon\">\n\t\t\t\t\t\t\t\t\t<i aria-hidden=\"true\" class=\"far fa-arrow-alt-circle-right\"><\/i>\t\t\t\t\t\t\t\t\t\t\t\t\t\t\t\t\t<\/span>\n\t\t\t\t\t\t\t\t\t\t\t\t\t\t\t\t\t\t\t\t\t\t<span class=\"elementor-button-text\">Envoyer<\/span>\n\t\t\t\t\t\t\t\t\t\t\t\t\t<\/span>\n\t\t\t\t\t<\/button>\n\t\t\t\t<\/div>\n\t\t\t<\/div>\n\t\t<\/form>\n\t\t\t\t\t\t<\/div>\n\t\t\t\t<\/div>\n\t\t\t\t\t<\/div>\n\t\t<\/div>\n\t\t\t\t\t<\/div>\n\t\t<\/section>\n\t\t\t\t<\/div>\n\t\t","protected":false},"excerpt":{"rendered":"<p>Nos Produits Liste en rien exhaustive, mais vise \u00e0 pr\u00e9senter une vue d\u2019ensemble des produits les plus demand\u00e9s\u00a0 Produits Longs, toutes nuances Fil Machine en<\/p>\n","protected":false},"author":4,"featured_media":0,"parent":0,"menu_order":0,"comment_status":"closed","ping_status":"closed","template":"elementor_header_footer","meta":{"_acf_changed":false,"footnotes":""},"class_list":["post-265","page","type-page","status-publish","hentry"],"acf":[],"_links":{"self":[{"href":"https:\/\/transmetal.org\/fr\/wp-json\/wp\/v2\/pages\/265","targetHints":{"allow":["GET"]}}],"collection":[{"href":"https:\/\/transmetal.org\/fr\/wp-json\/wp\/v2\/pages"}],"about":[{"href":"https:\/\/transmetal.org\/fr\/wp-json\/wp\/v2\/types\/page"}],"author":[{"embeddable":true,"href":"https:\/\/transmetal.org\/fr\/wp-json\/wp\/v2\/users\/4"}],"replies":[{"embeddable":true,"href":"https:\/\/transmetal.org\/fr\/wp-json\/wp\/v2\/comments?post=265"}],"version-history":[{"count":6,"href":"https:\/\/transmetal.org\/fr\/wp-json\/wp\/v2\/pages\/265\/revisions"}],"predecessor-version":[{"id":4398,"href":"https:\/\/transmetal.org\/fr\/wp-json\/wp\/v2\/pages\/265\/revisions\/4398"}],"wp:attachment":[{"href":"https:\/\/transmetal.org\/fr\/wp-json\/wp\/v2\/media?parent=265"}],"curies":[{"name":"wp","href":"https:\/\/api.w.org\/{rel}","templated":true}]}}